{"id":1363,"date":"2018-06-19T12:24:52","date_gmt":"2018-06-19T10:24:52","guid":{"rendered":"http:\/\/urbi.roomweb.tech\/?page_id=1363"},"modified":"2019-12-08T23:03:58","modified_gmt":"2019-12-08T22:03:58","slug":"accueil","status":"publish","type":"page","link":"https:\/\/www.urbi-apartments.com\/fr\/","title":{"rendered":"Accueil"},"content":{"rendered":"<p><div class=\"fusion-fullwidth fullwidth-box fusion-builder-row-1 gradient_booking nonhundred-percent-fullwidth non-hundred-percent-height-scrolling\" style=\"background-color: rgba(255,255,255,0);background-position: center center;background-repeat: no-repeat;padding-top:0px;padding-right:0px;padding-bottom:0px;padding-left:0px;margin-bottom: 40px;margin-top: 0px;border-width: 0px 0px 0px 0px;border-color:#eae9e9;border-style:solid;\" ><div class=\"fusion-builder-row fusion-row\"><div class=\"fusion-layout-column fusion_builder_column fusion-builder-column-0 fusion_builder_column_1_1 1_1 fusion-one-full fusion-column-first fusion-column-last\" style=\"margin-top:0px;margin-bottom:0px;\"><div class=\"fusion-column-wrapper fusion-flex-column-wrapper-legacy\" style=\"background-position:left top;background-repeat:no-repeat;-webkit-background-size:cover;-moz-background-size:cover;-o-background-size:cover;background-size:cover;padding: 0px 0px 0px 0px;\"><div class=\"mirai-engine\">\n    <div data-mirai-engine=\"mirai_be\" data-mobile-display=\"form\" data-lang=\"es\" data-idhotel=\"14495106\"><\/div>\n    <script type=\"text\/javascript\" src=\"https:\/\/js.mirai.com\/mirai-loader\/mirai.loader.js\"><\/script>\n    <link rel=\"stylesheet\" type=\"text\/css\" href=\"\/engine.css\" \/>\n    <script type=\"text\/javascript\">\n        if (jQuery('div[data-mirai-engine=\"mirai_be\"]').length) {\n            jQuery('div[data-mirai-engine=\"mirai_be\"]').attr('data-lang', jQuery('html').attr('lang'));\n        }\n    <\/script>\n<\/div><div class=\"fusion-clearfix\"><\/div><\/div><\/div><\/div><\/div>\n<div class=\"fusion-fullwidth fullwidth-box fusion-builder-row-2 nonhundred-percent-fullwidth non-hundred-percent-height-scrolling fusion-equal-height-columns\" style=\"background-color: rgba(255,255,255,0);background-position: left top;background-repeat: no-repeat;padding-top:40px;padding-right:0px;padding-bottom:40px;padding-left:0px;margin-bottom: 0px;margin-top: 0px;border-width: 0px 0px 0px 0px;border-color:#eae9e9;border-style:solid;\" ><div class=\"fusion-builder-row fusion-row\"><div class=\"fusion-layout-column fusion_builder_column fusion-builder-column-1 fusion_builder_column_1_3 1_3 fusion-one-third fusion-column-first\" style=\"width:30.6666%; margin-right: 4%;margin-top:0px;margin-bottom:20px;\"><div class=\"fusion-column-wrapper fusion-flex-column-wrapper-legacy\" style=\"background-position:left top;background-repeat:no-repeat;-webkit-background-size:cover;-moz-background-size:cover;-o-background-size:cover;background-size:cover;padding: 0px 0px 0px 0px;\"><style type=\"text\/css\"><\/style><div class=\"fusion-title title fusion-title-1 sep-underline sep-dotted fusion-title-text fusion-title-size-one\" style=\"border-bottom-color:#e0dede;margin-top:0px;margin-right:0px;margin-bottom:30px;margin-left:0px;\"><h1 class=\"title-heading-left fusion-responsive-typography-calculated\" style=\"margin:0;--fontSize:40;line-height:1.4;\"><p style=\"text-align: center;\"><a href=\"https:\/\/www.urbi-apartments.com\/fr\/galerie\/\">GALERIE<\/a><\/p><\/h1><\/div><span class=\" fusion-imageframe imageframe-none imageframe-1 hover-type-zoomin\"><a class=\"fusion-no-lightbox\" href=\"https:\/\/www.urbi-apartments.com\/fr\/galerie\/\" target=\"_self\" aria-label=\"1\"><img decoding=\"async\" width=\"400\" height=\"400\" src=\"http:\/\/www.urbi-apartments.com\/wp-content\/uploads\/2019\/11\/1-1-400x400.jpg\" alt class=\"img-responsive wp-image-4620\" srcset=\"https:\/\/www.urbi-apartments.com\/wp-content\/uploads\/2019\/11\/1-1-200x200.jpg 200w, https:\/\/www.urbi-apartments.com\/wp-content\/uploads\/2019\/11\/1-1-400x400.jpg 400w, https:\/\/www.urbi-apartments.com\/wp-content\/uploads\/2019\/11\/1-1-600x600.jpg 600w, https:\/\/www.urbi-apartments.com\/wp-content\/uploads\/2019\/11\/1-1.jpg 800w\" sizes=\"(max-width: 767px) 100vw, 400px\" \/><\/a><\/span><div class=\"fusion-sep-clear\"><\/div><div class=\"fusion-separator fusion-full-width-sep\" style=\"margin-left: auto;margin-right: auto;margin-top:30px;width:100%;\"><\/div><div class=\"fusion-sep-clear\"><\/div><div class=\"fusion-text fusion-text-1\"><p>Nous sommes situ\u00e9s dans un immeuble du XVIII si\u00e8cle, totalement r\u00e9habilit\u00e9 et restaur\u00e9 dans <strong>le centre de Manres<\/strong>a \u00e0 100 m\u00e8tres de la maison communale et de la cath\u00e9drale \u201cLa Seu\u201d et \u00e0 5 minutes \u00e0 pieds de la \u201cCueva de Santo Ignacio de Loyola\u201d; centre de p\u00e8lerinage reconnu mondialement et o\u00f9 les j\u00e9suites ont fond\u00e9 leur congr\u00e9gation. L\u2019immeuble a obtenu le prix bisannuel d\u2019architecture comme \u00e9tant le meilleur r\u00e9habilit\u00e9 du centre historique de Manresa<\/p>\n<\/div><div class=\"fusion-clearfix\"><\/div><\/div><\/div><div class=\"fusion-layout-column fusion_builder_column fusion-builder-column-2 fusion_builder_column_1_3 1_3 fusion-one-third\" style=\"width:30.6666%; margin-right: 4%;margin-top:0px;margin-bottom:20px;\"><div class=\"fusion-column-wrapper fusion-flex-column-wrapper-legacy\" style=\"background-position:left top;background-repeat:no-repeat;-webkit-background-size:cover;-moz-background-size:cover;-o-background-size:cover;background-size:cover;padding: 0px 0px 0px 0px;\"><style type=\"text\/css\"><\/style><div class=\"fusion-title title fusion-title-2 sep-underline sep-dotted fusion-title-text fusion-title-size-one\" style=\"border-bottom-color:#e0dede;margin-top:0px;margin-right:0px;margin-bottom:30px;margin-left:0px;\"><h1 class=\"title-heading-left fusion-responsive-typography-calculated\" style=\"margin:0;--fontSize:40;line-height:1.4;\"><p style=\"text-align: center;\"><a href=\"https:\/\/www.urbi-apartments.com\/fr\/appartements\/\">APPARTEMENTS<\/a><\/p><\/h1><\/div><div class=\"imageframe-align-center\"><span class=\" fusion-imageframe imageframe-none imageframe-2 hover-type-zoomin\"><a class=\"fusion-no-lightbox\" href=\"https:\/\/www.urbi-apartments.com\/fr\/appartements\/\" target=\"_self\" aria-label=\"2\"><img decoding=\"async\" width=\"400\" height=\"400\" src=\"http:\/\/www.urbi-apartments.com\/wp-content\/uploads\/2019\/11\/2-400x400.jpg\" alt class=\"img-responsive wp-image-4624\" srcset=\"https:\/\/www.urbi-apartments.com\/wp-content\/uploads\/2019\/11\/2-200x200.jpg 200w, https:\/\/www.urbi-apartments.com\/wp-content\/uploads\/2019\/11\/2-400x400.jpg 400w, https:\/\/www.urbi-apartments.com\/wp-content\/uploads\/2019\/11\/2-600x600.jpg 600w, https:\/\/www.urbi-apartments.com\/wp-content\/uploads\/2019\/11\/2.jpg 800w\" sizes=\"(max-width: 767px) 100vw, 400px\" \/><\/a><\/span><\/div><div class=\"fusion-sep-clear\"><\/div><div class=\"fusion-separator fusion-full-width-sep\" style=\"margin-left: auto;margin-right: auto;margin-top:30px;width:100%;\"><\/div><div class=\"fusion-sep-clear\"><\/div><div class=\"fusion-text fusion-text-2\"><p>L\u2019immeuble dispose de 47 appartements lumineux, \u00e9l\u00e9gants, modernes, commodes et confortables totalement \u00e9quip\u00e9s de mobilier, de d\u00e9coration et d\u2019ustensiles de cuisine.<\/p>\n<\/div><div class=\"fusion-clearfix\"><\/div><\/div><\/div><div class=\"fusion-layout-column fusion_builder_column fusion-builder-column-3 fusion_builder_column_1_3 1_3 fusion-one-third fusion-column-last\" style=\"width:30.6666%;margin-top:0px;margin-bottom:20px;\"><div class=\"fusion-column-wrapper fusion-flex-column-wrapper-legacy\" style=\"background-position:left top;background-repeat:no-repeat;-webkit-background-size:cover;-moz-background-size:cover;-o-background-size:cover;background-size:cover;padding: 0px 0px 0px 0px;\"><style type=\"text\/css\"><\/style><div class=\"fusion-title title fusion-title-3 sep-underline sep-dotted fusion-title-text fusion-title-size-one\" style=\"border-bottom-color:#e0dede;margin-top:0px;margin-right:0px;margin-bottom:30px;margin-left:0px;\"><h1 class=\"title-heading-left fusion-responsive-typography-calculated\" style=\"margin:0;--fontSize:40;line-height:1.4;\"><p style=\"text-align: center;\"><a href=\"https:\/\/www.urbi-apartments.com\/fr\/promotions\/\">PROMOTIONS<\/a><\/p><\/h1><\/div><span class=\" fusion-imageframe imageframe-none imageframe-3 hover-type-zoomin\"><a class=\"fusion-no-lightbox\" href=\"https:\/\/www.urbi-apartments.com\/fr\/promotions\/\" target=\"_self\" aria-label=\"3\"><img decoding=\"async\" width=\"400\" height=\"400\" src=\"http:\/\/www.urbi-apartments.com\/wp-content\/uploads\/2019\/11\/3-400x400.jpg\" alt class=\"img-responsive wp-image-4628\" srcset=\"https:\/\/www.urbi-apartments.com\/wp-content\/uploads\/2019\/11\/3-200x200.jpg 200w, https:\/\/www.urbi-apartments.com\/wp-content\/uploads\/2019\/11\/3-400x400.jpg 400w, https:\/\/www.urbi-apartments.com\/wp-content\/uploads\/2019\/11\/3-600x600.jpg 600w, https:\/\/www.urbi-apartments.com\/wp-content\/uploads\/2019\/11\/3.jpg 800w\" sizes=\"(max-width: 767px) 100vw, 400px\" \/><\/a><\/span><div class=\"fusion-sep-clear\"><\/div><div class=\"fusion-separator fusion-full-width-sep\" style=\"margin-left: auto;margin-right: auto;margin-top:30px;width:100%;\"><\/div><div class=\"fusion-sep-clear\"><\/div><div class=\"fusion-text fusion-text-3\"><p style=\"text-align: justify;\">Soyez le premier \u00e0 b\u00e9n\u00e9ficier de r\u00e9ductions exclusives, consultez nos derni\u00e8res promotions.<\/p>\n<\/div><div class=\"fusion-clearfix\"><\/div><\/div><\/div><\/div><\/div><div class=\"fusion-fullwidth fullwidth-box fusion-builder-row-3 nonhundred-percent-fullwidth non-hundred-percent-height-scrolling\" style=\"background-color: rgba(255,255,255,0);background-position: center center;background-repeat: no-repeat;padding-top:0px;padding-right:0px;padding-bottom:0px;padding-left:0px;margin-bottom: 0px;margin-top: 0px;border-width: 0px 0px 0px 0px;border-color:#eae9e9;border-style:solid;\" id=\"hotel-advantages\" ><div class=\"fusion-builder-row fusion-row\"><div class=\"fusion-layout-column fusion_builder_column fusion-builder-column-4 fusion_builder_column_1_1 1_1 fusion-one-full fusion-column-first fusion-column-last\" style=\"margin-top:0px;margin-bottom:20px;\" id=\"hotel-advantages-title\"><div class=\"fusion-column-wrapper fusion-flex-column-wrapper-legacy\" style=\"background-position:left top;background-repeat:no-repeat;-webkit-background-size:cover;-moz-background-size:cover;-o-background-size:cover;background-size:cover;padding: 0px 0px 0px 0px;\"><style type=\"text\/css\"><\/style><div class=\"fusion-title title fusion-title-4 sep-underline sep-dotted fusion-title-center fusion-title-text fusion-title-size-one hotel-advantages-title\" style=\"border-bottom-color:#e0dede;margin-top:0px;margin-right:0px;margin-bottom:30px;margin-left:0px;\"><h1 class=\"title-heading-center fusion-responsive-typography-calculated\" style=\"margin:0;--fontSize:40;line-height:1.4;\"><h1 style=\"text-align: center;\">Avantages de la r\u00e9servation sur notre site<\/h1><\/h1><\/div><div class=\"fusion-clearfix\"><\/div><\/div><\/div><div class=\"fusion-layout-column fusion_builder_column fusion-builder-column-5 fusion_builder_column_1_3 1_3 fusion-one-third fusion-column-first\" style=\"width:33.333333333333%;width:calc(33.333333333333% - ( ( 4% + 4% ) * 0.33333333333333 ) );margin-right: 4%;margin-top:0px;margin-bottom:20px;\" id=\"hotel-advantages-box\"><div class=\"fusion-column-wrapper fusion-flex-column-wrapper-legacy\" style=\"background-position:left top;background-repeat:no-repeat;-webkit-background-size:cover;-moz-background-size:cover;-o-background-size:cover;background-size:cover;padding: 0px 0px 0px 0px;\"><div class=\"fusion-builder-row fusion-builder-row-inner fusion-row\"><div class=\"fusion-layout-column fusion_builder_column_inner fusion-builder-nested-column-0 fusion_builder_column_inner_1_3 1_3 fusion-one-third fusion-column-first\" style=\"width:33.333333333333%;width:calc(33.333333333333% - ( ( 4% ) * 0.33333333333333 ) );margin-right: 4%;margin-top:0px;margin-bottom:20px;\" id=\"hotel-advantages-box-icon\"><div class=\"fusion-column-wrapper fusion-flex-column-wrapper-legacy\" style=\"background-position:left top;background-repeat:no-repeat;-webkit-background-size:cover;-moz-background-size:cover;-o-background-size:cover;background-size:cover;padding: 0px 0px 0px 0px;\"><span class=\" fusion-imageframe imageframe-none imageframe-4 hover-type-none hotel-advantages-box-icon\" style=\"max-width:5rem;\"><img decoding=\"async\" src=\"http:\/\/www.urbi-apartments.com\/wp-content\/uploads\/2018\/06\/hostemplo-cancelacion.gif\" alt class=\"img-responsive\"\/><\/span><div class=\"fusion-clearfix\"><\/div><\/div><\/div><div class=\"fusion-layout-column fusion_builder_column_inner fusion-builder-nested-column-1 fusion_builder_column_inner_1_2 1_2 fusion-one-half fusion-column-last\" style=\"width:50%;width:calc(50% - ( ( 4% ) * 0.5 ) );margin-top:0px;margin-bottom:20px;\" id=\"hotel-advantages-box-title\"><div class=\"fusion-column-wrapper fusion-flex-column-wrapper-legacy\" style=\"background-position:left top;background-repeat:no-repeat;-webkit-background-size:cover;-moz-background-size:cover;-o-background-size:cover;background-size:cover;padding: 0px 0px 0px 0px;\"><style type=\"text\/css\"><\/style><div class=\"fusion-title title fusion-title-5 fusion-sep-none fusion-title-center fusion-title-text fusion-title-size-two hotel-advantages-box-title\" style=\"margin-top:0px;margin-right:0px;margin-bottom:30px;margin-left:0px;\"><h2 class=\"title-heading-center fusion-responsive-typography-calculated\" style=\"margin:0;--fontSize:32;line-height:1.5;\">Annulation gratuite<\/h2><\/div><div class=\"fusion-clearfix\"><\/div><\/div><\/div><\/div><div class=\"fusion-clearfix\"><\/div><\/div><\/div><div class=\"fusion-layout-column fusion_builder_column fusion-builder-column-6 fusion_builder_column_1_3 1_3 fusion-one-third\" style=\"width:33.333333333333%;width:calc(33.333333333333% - ( ( 4% + 4% ) * 0.33333333333333 ) );margin-right: 4%;margin-top:0px;margin-bottom:20px;\" id=\"hotel-advantages-box\"><div class=\"fusion-column-wrapper fusion-flex-column-wrapper-legacy\" style=\"background-position:left top;background-repeat:no-repeat;-webkit-background-size:cover;-moz-background-size:cover;-o-background-size:cover;background-size:cover;padding: 0px 0px 0px 0px;\"><div class=\"fusion-builder-row fusion-builder-row-inner fusion-row\"><div class=\"fusion-layout-column fusion_builder_column_inner fusion-builder-nested-column-2 fusion_builder_column_inner_1_3 1_3 fusion-one-third fusion-column-first\" style=\"width:33.333333333333%;width:calc(33.333333333333% - ( ( 4% ) * 0.33333333333333 ) );margin-right: 4%;margin-top:0px;margin-bottom:20px;\" id=\"hotel-advantages-box-icon\"><div class=\"fusion-column-wrapper fusion-flex-column-wrapper-legacy\" style=\"background-position:left top;background-repeat:no-repeat;-webkit-background-size:cover;-moz-background-size:cover;-o-background-size:cover;background-size:cover;padding: 0px 0px 0px 0px;\"><span class=\" fusion-imageframe imageframe-none imageframe-5 hover-type-none hotel-advantages-box-icon\" style=\"max-width:5rem;\"><img decoding=\"async\" src=\"http:\/\/www.urbi-apartments.com\/wp-content\/uploads\/2018\/06\/hostemplo-pago.gif\" alt class=\"img-responsive\"\/><\/span><div class=\"fusion-clearfix\"><\/div><\/div><\/div><div class=\"fusion-layout-column fusion_builder_column_inner fusion-builder-nested-column-3 fusion_builder_column_inner_1_2 1_2 fusion-one-half fusion-column-last\" style=\"width:50%;width:calc(50% - ( ( 4% ) * 0.5 ) );margin-top:0px;margin-bottom:20px;\" id=\"hotel-advantages-box-title\"><div class=\"fusion-column-wrapper fusion-flex-column-wrapper-legacy\" style=\"background-position:left top;background-repeat:no-repeat;-webkit-background-size:cover;-moz-background-size:cover;-o-background-size:cover;background-size:cover;padding: 0px 0px 0px 0px;\"><style type=\"text\/css\"><\/style><div class=\"fusion-title title fusion-title-6 fusion-sep-none fusion-title-center fusion-title-text fusion-title-size-two hotel-advantages-box-title\" style=\"margin-top:0px;margin-right:0px;margin-bottom:30px;margin-left:0px;\"><h2 class=\"title-heading-center fusion-responsive-typography-calculated\" style=\"margin:0;--fontSize:32;line-height:1.5;\">R\u00e9serve d\u00e8s maintenant et paie \u00e0 l\u2019h\u00f4tel<\/h2><\/div><div class=\"fusion-clearfix\"><\/div><\/div><\/div><\/div><div class=\"fusion-clearfix\"><\/div><\/div><\/div><div class=\"fusion-layout-column fusion_builder_column fusion-builder-column-7 fusion_builder_column_1_3 1_3 fusion-one-third fusion-column-last\" style=\"width:33.333333333333%;width:calc(33.333333333333% - ( ( 4% + 4% ) * 0.33333333333333 ) );margin-top:0px;margin-bottom:20px;\" id=\"hotel-advantages-box\"><div class=\"fusion-column-wrapper fusion-flex-column-wrapper-legacy\" style=\"background-position:left top;background-repeat:no-repeat;-webkit-background-size:cover;-moz-background-size:cover;-o-background-size:cover;background-size:cover;padding: 0px 0px 0px 0px;\"><div class=\"fusion-builder-row fusion-builder-row-inner fusion-row\"><div class=\"fusion-layout-column fusion_builder_column_inner fusion-builder-nested-column-4 fusion_builder_column_inner_1_3 1_3 fusion-one-third fusion-column-first\" style=\"width:33.333333333333%;width:calc(33.333333333333% - ( ( 4% ) * 0.33333333333333 ) );margin-right: 4%;margin-top:0px;margin-bottom:20px;\" id=\"hotel-advantages-box-icon\"><div class=\"fusion-column-wrapper fusion-flex-column-wrapper-legacy\" style=\"background-position:left top;background-repeat:no-repeat;-webkit-background-size:cover;-moz-background-size:cover;-o-background-size:cover;background-size:cover;padding: 0px 0px 0px 0px;\"><span class=\" fusion-imageframe imageframe-none imageframe-6 hover-type-none hotel-advantages-box-icon\" style=\"max-width:5rem;\"><img decoding=\"async\" src=\"http:\/\/www.urbi-apartments.com\/wp-content\/uploads\/2018\/06\/hostemplo-mejor-precio.gif\" alt class=\"img-responsive\"\/><\/span><div class=\"fusion-clearfix\"><\/div><\/div><\/div><div class=\"fusion-layout-column fusion_builder_column_inner fusion-builder-nested-column-5 fusion_builder_column_inner_1_2 1_2 fusion-one-half fusion-column-last\" style=\"width:50%;width:calc(50% - ( ( 4% ) * 0.5 ) );margin-top:0px;margin-bottom:20px;\" id=\"hotel-advantages-box-title\"><div class=\"fusion-column-wrapper fusion-flex-column-wrapper-legacy\" style=\"background-position:left top;background-repeat:no-repeat;-webkit-background-size:cover;-moz-background-size:cover;-o-background-size:cover;background-size:cover;padding: 0px 0px 0px 0px;\"><style type=\"text\/css\"><\/style><div class=\"fusion-title title fusion-title-7 fusion-sep-none fusion-title-center fusion-title-text fusion-title-size-two hotel-advantages-box-title\" style=\"margin-top:0px;margin-right:0px;margin-bottom:30px;margin-left:0px;\"><h2 class=\"title-heading-center fusion-responsive-typography-calculated\" style=\"margin:0;--fontSize:32;line-height:1.5;\">Meilleur prix garanti<\/h2><\/div><div class=\"fusion-clearfix\"><\/div><\/div><\/div><\/div><div class=\"fusion-clearfix\"><\/div><\/div><\/div><\/div><\/div>\n<\/p>\n","protected":false},"excerpt":{"rendered":"","protected":false},"author":4,"featured_media":0,"parent":0,"menu_order":0,"comment_status":"closed","ping_status":"closed","template":"100-width.php","meta":{"footnotes":""},"yoast_head":"<!-- This site is optimized with the Yoast SEO plugin v19.10 - https:\/\/yoast.com\/wordpress\/plugins\/seo\/ -->\n<title>Accueil - URBI Apartments<\/title>\n<meta name=\"robots\" content=\"index, follow, max-snippet:-1, max-image-preview:large, max-video-preview:-1\" \/>\n<link rel=\"canonical\" href=\"https:\/\/www.urbi-apartments.com\/fr\/\" \/>\n<meta property=\"og:locale\" content=\"fr_FR\" \/>\n<meta property=\"og:type\" content=\"article\" \/>\n<meta property=\"og:title\" content=\"Accueil - URBI Apartments\" \/>\n<meta property=\"og:url\" content=\"https:\/\/www.urbi-apartments.com\/fr\/\" \/>\n<meta property=\"og:site_name\" content=\"URBI Apartments\" \/>\n<meta property=\"article:publisher\" content=\"https:\/\/www.facebook.com\/UrbiApartments\/\" \/>\n<meta property=\"article:modified_time\" content=\"2019-12-08T22:03:58+00:00\" \/>\n<meta name=\"twitter:card\" content=\"summary_large_image\" \/>\n<meta name=\"twitter:label1\" content=\"Dur\u00e9e de lecture estim\u00e9e\" \/>\n\t<meta name=\"twitter:data1\" content=\"5 minutes\" \/>\n<script type=\"application\/ld+json\" class=\"yoast-schema-graph\">{\"@context\":\"https:\/\/schema.org\",\"@graph\":[{\"@type\":\"WebPage\",\"@id\":\"https:\/\/www.urbi-apartments.com\/fr\/\",\"url\":\"https:\/\/www.urbi-apartments.com\/fr\/\",\"name\":\"Accueil - URBI Apartments\",\"isPartOf\":{\"@id\":\"https:\/\/www.urbi-apartments.com\/#website\"},\"datePublished\":\"2018-06-19T10:24:52+00:00\",\"dateModified\":\"2019-12-08T22:03:58+00:00\",\"breadcrumb\":{\"@id\":\"https:\/\/www.urbi-apartments.com\/fr\/#breadcrumb\"},\"inLanguage\":\"fr-FR\",\"potentialAction\":[{\"@type\":\"ReadAction\",\"target\":[\"https:\/\/www.urbi-apartments.com\/fr\/\"]}]},{\"@type\":\"BreadcrumbList\",\"@id\":\"https:\/\/www.urbi-apartments.com\/fr\/#breadcrumb\",\"itemListElement\":[{\"@type\":\"ListItem\",\"position\":1,\"name\":\"Portada\",\"item\":\"https:\/\/www.urbi-apartments.com\/fr\/\"},{\"@type\":\"ListItem\",\"position\":2,\"name\":\"Accueil\"}]},{\"@type\":\"WebSite\",\"@id\":\"https:\/\/www.urbi-apartments.com\/#website\",\"url\":\"https:\/\/www.urbi-apartments.com\/\",\"name\":\"URBI Apartments\",\"description\":\"\",\"publisher\":{\"@id\":\"https:\/\/www.urbi-apartments.com\/#organization\"},\"potentialAction\":[{\"@type\":\"SearchAction\",\"target\":{\"@type\":\"EntryPoint\",\"urlTemplate\":\"https:\/\/www.urbi-apartments.com\/?s={search_term_string}\"},\"query-input\":\"required name=search_term_string\"}],\"inLanguage\":\"fr-FR\"},{\"@type\":\"Organization\",\"@id\":\"https:\/\/www.urbi-apartments.com\/#organization\",\"name\":\"Urbi Apartments\",\"url\":\"https:\/\/www.urbi-apartments.com\/\",\"logo\":{\"@type\":\"ImageObject\",\"inLanguage\":\"fr-FR\",\"@id\":\"https:\/\/www.urbi-apartments.com\/#\/schema\/logo\/image\/\",\"url\":\"http:\/\/www.urbi-apartments.com\/wp-content\/uploads\/2018\/05\/logo-urbi-apartments.png\",\"contentUrl\":\"http:\/\/www.urbi-apartments.com\/wp-content\/uploads\/2018\/05\/logo-urbi-apartments.png\",\"width\":\"230\",\"height\":\"63\",\"caption\":\"Urbi Apartments\"},\"image\":{\"@id\":\"https:\/\/www.urbi-apartments.com\/#\/schema\/logo\/image\/\"},\"sameAs\":[\"https:\/\/www.instagram.com\/urbiapartments\/\",\"https:\/\/www.facebook.com\/UrbiApartments\/\"]}]}<\/script>\n<!-- \/ Yoast SEO plugin. -->","yoast_head_json":{"title":"Accueil - URBI Apartments","robots":{"index":"index","follow":"follow","max-snippet":"max-snippet:-1","max-image-preview":"max-image-preview:large","max-video-preview":"max-video-preview:-1"},"canonical":"https:\/\/www.urbi-apartments.com\/fr\/","og_locale":"fr_FR","og_type":"article","og_title":"Accueil - URBI Apartments","og_url":"https:\/\/www.urbi-apartments.com\/fr\/","og_site_name":"URBI Apartments","article_publisher":"https:\/\/www.facebook.com\/UrbiApartments\/","article_modified_time":"2019-12-08T22:03:58+00:00","twitter_card":"summary_large_image","twitter_misc":{"Dur\u00e9e de lecture estim\u00e9e":"5 minutes"},"schema":{"@context":"https:\/\/schema.org","@graph":[{"@type":"WebPage","@id":"https:\/\/www.urbi-apartments.com\/fr\/","url":"https:\/\/www.urbi-apartments.com\/fr\/","name":"Accueil - URBI Apartments","isPartOf":{"@id":"https:\/\/www.urbi-apartments.com\/#website"},"datePublished":"2018-06-19T10:24:52+00:00","dateModified":"2019-12-08T22:03:58+00:00","breadcrumb":{"@id":"https:\/\/www.urbi-apartments.com\/fr\/#breadcrumb"},"inLanguage":"fr-FR","potentialAction":[{"@type":"ReadAction","target":["https:\/\/www.urbi-apartments.com\/fr\/"]}]},{"@type":"BreadcrumbList","@id":"https:\/\/www.urbi-apartments.com\/fr\/#breadcrumb","itemListElement":[{"@type":"ListItem","position":1,"name":"Portada","item":"https:\/\/www.urbi-apartments.com\/fr\/"},{"@type":"ListItem","position":2,"name":"Accueil"}]},{"@type":"WebSite","@id":"https:\/\/www.urbi-apartments.com\/#website","url":"https:\/\/www.urbi-apartments.com\/","name":"URBI Apartments","description":"","publisher":{"@id":"https:\/\/www.urbi-apartments.com\/#organization"},"potentialAction":[{"@type":"SearchAction","target":{"@type":"EntryPoint","urlTemplate":"https:\/\/www.urbi-apartments.com\/?s={search_term_string}"},"query-input":"required name=search_term_string"}],"inLanguage":"fr-FR"},{"@type":"Organization","@id":"https:\/\/www.urbi-apartments.com\/#organization","name":"Urbi Apartments","url":"https:\/\/www.urbi-apartments.com\/","logo":{"@type":"ImageObject","inLanguage":"fr-FR","@id":"https:\/\/www.urbi-apartments.com\/#\/schema\/logo\/image\/","url":"http:\/\/www.urbi-apartments.com\/wp-content\/uploads\/2018\/05\/logo-urbi-apartments.png","contentUrl":"http:\/\/www.urbi-apartments.com\/wp-content\/uploads\/2018\/05\/logo-urbi-apartments.png","width":"230","height":"63","caption":"Urbi Apartments"},"image":{"@id":"https:\/\/www.urbi-apartments.com\/#\/schema\/logo\/image\/"},"sameAs":["https:\/\/www.instagram.com\/urbiapartments\/","https:\/\/www.facebook.com\/UrbiApartments\/"]}]}},"_links":{"self":[{"href":"https:\/\/www.urbi-apartments.com\/fr\/wp-json\/wp\/v2\/pages\/1363"}],"collection":[{"href":"https:\/\/www.urbi-apartments.com\/fr\/wp-json\/wp\/v2\/pages"}],"about":[{"href":"https:\/\/www.urbi-apartments.com\/fr\/wp-json\/wp\/v2\/types\/page"}],"author":[{"embeddable":true,"href":"https:\/\/www.urbi-apartments.com\/fr\/wp-json\/wp\/v2\/users\/4"}],"replies":[{"embeddable":true,"href":"https:\/\/www.urbi-apartments.com\/fr\/wp-json\/wp\/v2\/comments?post=1363"}],"version-history":[{"count":22,"href":"https:\/\/www.urbi-apartments.com\/fr\/wp-json\/wp\/v2\/pages\/1363\/revisions"}],"predecessor-version":[{"id":4744,"href":"https:\/\/www.urbi-apartments.com\/fr\/wp-json\/wp\/v2\/pages\/1363\/revisions\/4744"}],"wp:attachment":[{"href":"https:\/\/www.urbi-apartments.com\/fr\/wp-json\/wp\/v2\/media?parent=1363"}],"curies":[{"name":"wp","href":"https:\/\/api.w.org\/{rel}","templated":true}]}}